{"id":10299,"date":"2024-04-20T23:56:11","date_gmt":"2024-04-20T20:56:11","guid":{"rendered":"https:\/\/hamsayapi.com\/?post_type=product&#038;p=10299"},"modified":"2024-04-20T23:56:11","modified_gmt":"2024-04-20T20:56:11","slug":"alasimsiz-ve-dusuk-alasimli-celikler","status":"publish","type":"product","link":"https:\/\/hamsayapi.com\/index.php\/urun\/alasimsiz-ve-dusuk-alasimli-celikler\/","title":{"rendered":"Ala\u015f\u0131ms\u0131z ve D\u00fc\u015f\u00fck Ala\u015f\u0131ml\u0131 \u00c7elikler"},"content":{"rendered":"","protected":false},"excerpt":{"rendered":"","protected":false},"featured_media":10300,"comment_status":"open","ping_status":"closed","template":"","meta":[],"pwb-brand":[],"product_brand":[],"product_cat":[483,455,453],"product_tag":[495],"class_list":{"0":"post-10299","1":"product","2":"type-product","3":"status-publish","4":"has-post-thumbnail","6":"product_cat-argon-tig-kaynak-telleri","7":"product_cat-kaynak-telleri-ve-elektrodlari","8":"product_cat-kaynak-ve-gaz-ekipmanlari","9":"product_tag-alasimsiz-ve-dusuk-alasimli-celikler","11":"first","12":"instock","13":"shipping-taxable","14":"product-type-simple"},"brands":[],"_links":{"self":[{"href":"https:\/\/hamsayapi.com\/index.php\/wp-json\/wp\/v2\/product\/10299","targetHints":{"allow":["GET"]}}],"collection":[{"href":"https:\/\/hamsayapi.com\/index.php\/wp-json\/wp\/v2\/product"}],"about":[{"href":"https:\/\/hamsayapi.com\/index.php\/wp-json\/wp\/v2\/types\/product"}],"replies":[{"embeddable":true,"href":"https:\/\/hamsayapi.com\/index.php\/wp-json\/wp\/v2\/comments?post=10299"}],"version-history":[{"count":2,"href":"https:\/\/hamsayapi.com\/index.php\/wp-json\/wp\/v2\/product\/10299\/revisions"}],"predecessor-version":[{"id":10302,"href":"https:\/\/hamsayapi.com\/index.php\/wp-json\/wp\/v2\/product\/10299\/revisions\/10302"}],"wp:featuredmedia":[{"embeddable":true,"href":"https:\/\/hamsayapi.com\/index.php\/wp-json\/wp\/v2\/media\/10300"}],"wp:attachment":[{"href":"https:\/\/hamsayapi.com\/index.php\/wp-json\/wp\/v2\/media?parent=10299"}],"wp:term":[{"taxonomy":"pwb-brand","embeddable":true,"href":"https:\/\/hamsayapi.com\/index.php\/wp-json\/wp\/v2\/pwb-brand?post=10299"},{"taxonomy":"product_brand","embeddable":true,"href":"https:\/\/hamsayapi.com\/index.php\/wp-json\/wp\/v2\/product_brand?post=10299"},{"taxonomy":"product_cat","embeddable":true,"href":"https:\/\/hamsayapi.com\/index.php\/wp-json\/wp\/v2\/product_cat?post=10299"},{"taxonomy":"product_tag","embeddable":true,"href":"https:\/\/hamsayapi.com\/index.php\/wp-json\/wp\/v2\/product_tag?post=10299"}],"curies":[{"name":"wp","href":"https:\/\/api.w.org\/{rel}","templated":true}]}}