{"id":10288,"date":"2024-04-20T23:53:53","date_gmt":"2024-04-20T20:53:53","guid":{"rendered":"https:\/\/hamsayapi.com\/?post_type=product&#038;p=10288"},"modified":"2024-04-21T00:13:36","modified_gmt":"2024-04-20T21:13:36","slug":"dusuk-alasimli-ve-yuksek-dayanimli-celikler-2","status":"publish","type":"product","link":"https:\/\/hamsayapi.com\/index.php\/urun\/dusuk-alasimli-ve-yuksek-dayanimli-celikler-2\/","title":{"rendered":"D\u00fc\u015f\u00fck Ala\u015f\u0131ml\u0131 ve Y\u00fcksek Dayan\u0131ml\u0131 \u00c7elikler"},"content":{"rendered":"","protected":false},"excerpt":{"rendered":"","protected":false},"featured_media":10289,"comment_status":"open","ping_status":"closed","template":"","meta":[],"pwb-brand":[],"product_brand":[],"product_cat":[482,497,455,453,456],"product_tag":[487],"class_list":{"0":"post-10288","1":"product","2":"type-product","3":"status-publish","4":"has-post-thumbnail","6":"product_cat-gazalti-mig-mag-kaynak-telleri","7":"product_cat-gazalti-mig-mag-kaynak-telleri-tamir-bakim-kaynagi-kobatek","8":"product_cat-kaynak-telleri-ve-elektrodlari","9":"product_cat-kaynak-ve-gaz-ekipmanlari","10":"product_cat-tamir-bakim-kaynagi-kobatek","11":"product_tag-dusuk-alasimli-ve-yuksek-dayanimli-celikler","13":"first","14":"instock","15":"shipping-taxable","16":"product-type-simple"},"brands":[],"_links":{"self":[{"href":"https:\/\/hamsayapi.com\/index.php\/wp-json\/wp\/v2\/product\/10288","targetHints":{"allow":["GET"]}}],"collection":[{"href":"https:\/\/hamsayapi.com\/index.php\/wp-json\/wp\/v2\/product"}],"about":[{"href":"https:\/\/hamsayapi.com\/index.php\/wp-json\/wp\/v2\/types\/product"}],"replies":[{"embeddable":true,"href":"https:\/\/hamsayapi.com\/index.php\/wp-json\/wp\/v2\/comments?post=10288"}],"version-history":[{"count":1,"href":"https:\/\/hamsayapi.com\/index.php\/wp-json\/wp\/v2\/product\/10288\/revisions"}],"predecessor-version":[{"id":10290,"href":"https:\/\/hamsayapi.com\/index.php\/wp-json\/wp\/v2\/product\/10288\/revisions\/10290"}],"wp:featuredmedia":[{"embeddable":true,"href":"https:\/\/hamsayapi.com\/index.php\/wp-json\/wp\/v2\/media\/10289"}],"wp:attachment":[{"href":"https:\/\/hamsayapi.com\/index.php\/wp-json\/wp\/v2\/media?parent=10288"}],"wp:term":[{"taxonomy":"pwb-brand","embeddable":true,"href":"https:\/\/hamsayapi.com\/index.php\/wp-json\/wp\/v2\/pwb-brand?post=10288"},{"taxonomy":"product_brand","embeddable":true,"href":"https:\/\/hamsayapi.com\/index.php\/wp-json\/wp\/v2\/product_brand?post=10288"},{"taxonomy":"product_cat","embeddable":true,"href":"https:\/\/hamsayapi.com\/index.php\/wp-json\/wp\/v2\/product_cat?post=10288"},{"taxonomy":"product_tag","embeddable":true,"href":"https:\/\/hamsayapi.com\/index.php\/wp-json\/wp\/v2\/product_tag?post=10288"}],"curies":[{"name":"wp","href":"https:\/\/api.w.org\/{rel}","templated":true}]}}