{"id":10121,"date":"2024-04-20T23:14:12","date_gmt":"2024-04-20T20:14:12","guid":{"rendered":"https:\/\/hamsayapi.com\/?post_type=product&#038;p=10121"},"modified":"2024-04-20T23:14:12","modified_gmt":"2024-04-20T20:14:12","slug":"bits-sapli-derin-somun-adaptoru-buyuk","status":"publish","type":"product","link":"https:\/\/hamsayapi.com\/index.php\/urun\/bits-sapli-derin-somun-adaptoru-buyuk\/","title":{"rendered":"Bits Sapl\u0131 Derin Somun Adapt\u00f6r\u00fc B\u00fcy\u00fck"},"content":{"rendered":"","protected":false},"excerpt":{"rendered":"","protected":false},"featured_media":10122,"comment_status":"open","ping_status":"closed","template":"","meta":[],"pwb-brand":[],"product_brand":[],"product_cat":[144,118],"product_tag":[430],"class_list":{"0":"post-10121","1":"product","2":"type-product","3":"status-publish","4":"has-post-thumbnail","6":"product_cat-bits-uclar","7":"product_cat-kesme-delme-ve-asindiricilar","8":"product_tag-bits-sapli-derin-somun-adaptoru-buyuk","10":"first","11":"instock","12":"shipping-taxable","13":"product-type-simple"},"brands":[],"_links":{"self":[{"href":"https:\/\/hamsayapi.com\/index.php\/wp-json\/wp\/v2\/product\/10121","targetHints":{"allow":["GET"]}}],"collection":[{"href":"https:\/\/hamsayapi.com\/index.php\/wp-json\/wp\/v2\/product"}],"about":[{"href":"https:\/\/hamsayapi.com\/index.php\/wp-json\/wp\/v2\/types\/product"}],"replies":[{"embeddable":true,"href":"https:\/\/hamsayapi.com\/index.php\/wp-json\/wp\/v2\/comments?post=10121"}],"version-history":[{"count":2,"href":"https:\/\/hamsayapi.com\/index.php\/wp-json\/wp\/v2\/product\/10121\/revisions"}],"predecessor-version":[{"id":10124,"href":"https:\/\/hamsayapi.com\/index.php\/wp-json\/wp\/v2\/product\/10121\/revisions\/10124"}],"wp:featuredmedia":[{"embeddable":true,"href":"https:\/\/hamsayapi.com\/index.php\/wp-json\/wp\/v2\/media\/10122"}],"wp:attachment":[{"href":"https:\/\/hamsayapi.com\/index.php\/wp-json\/wp\/v2\/media?parent=10121"}],"wp:term":[{"taxonomy":"pwb-brand","embeddable":true,"href":"https:\/\/hamsayapi.com\/index.php\/wp-json\/wp\/v2\/pwb-brand?post=10121"},{"taxonomy":"product_brand","embeddable":true,"href":"https:\/\/hamsayapi.com\/index.php\/wp-json\/wp\/v2\/product_brand?post=10121"},{"taxonomy":"product_cat","embeddable":true,"href":"https:\/\/hamsayapi.com\/index.php\/wp-json\/wp\/v2\/product_cat?post=10121"},{"taxonomy":"product_tag","embeddable":true,"href":"https:\/\/hamsayapi.com\/index.php\/wp-json\/wp\/v2\/product_tag?post=10121"}],"curies":[{"name":"wp","href":"https:\/\/api.w.org\/{rel}","templated":true}]}}